{"id":2,"date":"2024-10-15T18:49:39","date_gmt":"2024-10-15T18:49:39","guid":{"rendered":"https:\/\/burbus.es\/?page_id=2"},"modified":"2026-01-16T05:01:08","modified_gmt":"2026-01-16T03:01:08","slug":"sample-page","status":"publish","type":"page","link":"https:\/\/burbus.es\/","title":{"rendered":"Inicio"},"content":{"rendered":"<figure class=\"wp-block-image size-large\"><img loading=\"lazy\" decoding=\"async\" width=\"1024\" height=\"1024\" src=\"https:\/\/burbus.es\/wp-content\/uploads\/2025\/01\/logo_cuadrado-1024x1024.png\" alt=\"\" class=\"wp-image-107\" srcset=\"https:\/\/burbus.es\/wp-content\/uploads\/2025\/01\/logo_cuadrado-1024x1024.png 1024w, https:\/\/burbus.es\/wp-content\/uploads\/2025\/01\/logo_cuadrado-300x300.png 300w, https:\/\/burbus.es\/wp-content\/uploads\/2025\/01\/logo_cuadrado-768x768.png 768w, https:\/\/burbus.es\/wp-content\/uploads\/2025\/01\/logo_cuadrado-600x600.png 600w\" sizes=\"auto, (max-width: 1024px) 100vw, 1024px\" \/><\/figure><div class=\"wp-block-group is-content-justification-center is-nowrap is-layout-flex wp-container-core-group-is-layout-23441af8 wp-block-group-is-layout-flex\"><h2 class=\"wp-block-heading has-text-align-center has-custom-principal-color has-text-color has-link-color wp-elements-b86a442b3a0fa7d3a179a6d8d607b933\"><strong>\u00bfQue es burbus kombucha?<\/strong><\/h2><\/div><p class=\"has-rubik-font-family has-medium-font-size\"><strong>Burbus Kombucha<\/strong> nace de la mano de <strong>Alba y \u00d3scar<\/strong>, dos j\u00f3venes hermanos que fermentamos desde una peque\u00f1a aldea rural, donde el agua es pura y las ideas fluyen como nuestras burbujas: naturales y con car\u00e1cter.<\/p><p class=\"has-rubik-font-family has-medium-font-size\">Elaboramos <strong>kombucha artesanal, ecol\u00f3gica y sin pasteurizar<\/strong>, pensada para quienes buscan cuidarse sin renunciar al sabor ni a los procesos aut\u00e9nticos. Trabajamos con t\u00e9 de calidad, cultivos vivos y fermentaci\u00f3n lenta. <br>Sin prisas, sin atajos.<\/p><p class=\"has-rubik-font-family has-medium-font-size\">Creemos en una forma de producir m\u00e1s consciente, local y con alma. Cada botella es una declaraci\u00f3n de principios: salud, sabor y sostenibilidad. Esto es Burbus. Pura vida embotellada, <em><strong>dende o berce do rural galego<\/strong><\/em> para quien sabe lo que bebe.<\/p><div class=\"wp-block-buttons is-horizontal is-content-justification-center is-layout-flex wp-container-core-buttons-is-layout-ecd33c62 wp-block-buttons-is-layout-flex\"><div class=\"wp-block-button has-custom-width wp-block-button__width-50 is-style-outline is-style-outline--1\"><a class=\"wp-block-button__link has-custom-negro-color has-custom-complementario-background-color has-text-color has-background has-link-color has-x-large-font-size has-custom-font-size wp-element-button\" href=\"https:\/\/burbus.es\/?page_id=11\" style=\"border-style:none;border-width:0px;border-top-left-radius:25px;border-top-right-radius:25px;border-bottom-left-radius:25px;border-bottom-right-radius:25px;padding-top:var(--wp--preset--spacing--30);padding-right:var(--wp--preset--spacing--10);padding-bottom:var(--wp--preset--spacing--30);padding-left:var(--wp--preset--spacing--10)\"><strong>TIENDA<\/strong><\/a><\/div><\/div>","protected":false},"excerpt":{"rendered":"<p>\u00bfQue es burbus kombucha? Burbus Kombucha nace de la mano de Alba y \u00d3scar, dos j\u00f3venes hermanos que fermentamos desde una peque\u00f1a aldea rural, donde el agua es pura y las ideas fluyen como nuestras burbujas: naturales y con car\u00e1cter. Elaboramos kombucha artesanal, ecol\u00f3gica y sin pasteurizar, pensada para quienes buscan cuidarse sin renunciar al [&hellip;]<\/p>\n","protected":false},"author":1,"featured_media":107,"parent":0,"menu_order":0,"comment_status":"closed","ping_status":"open","template":"","meta":{"footnotes":""},"class_list":["post-2","page","type-page","status-publish","has-post-thumbnail","hentry"],"jetpack_sharing_enabled":true,"_links":{"self":[{"href":"https:\/\/burbus.es\/index.php?rest_route=\/wp\/v2\/pages\/2","targetHints":{"allow":["GET"]}}],"collection":[{"href":"https:\/\/burbus.es\/index.php?rest_route=\/wp\/v2\/pages"}],"about":[{"href":"https:\/\/burbus.es\/index.php?rest_route=\/wp\/v2\/types\/page"}],"author":[{"embeddable":true,"href":"https:\/\/burbus.es\/index.php?rest_route=\/wp\/v2\/users\/1"}],"replies":[{"embeddable":true,"href":"https:\/\/burbus.es\/index.php?rest_route=%2Fwp%2Fv2%2Fcomments&post=2"}],"version-history":[{"count":19,"href":"https:\/\/burbus.es\/index.php?rest_route=\/wp\/v2\/pages\/2\/revisions"}],"predecessor-version":[{"id":334,"href":"https:\/\/burbus.es\/index.php?rest_route=\/wp\/v2\/pages\/2\/revisions\/334"}],"wp:featuredmedia":[{"embeddable":true,"href":"https:\/\/burbus.es\/index.php?rest_route=\/wp\/v2\/media\/107"}],"wp:attachment":[{"href":"https:\/\/burbus.es\/index.php?rest_route=%2Fwp%2Fv2%2Fmedia&parent=2"}],"curies":[{"name":"wp","href":"https:\/\/api.w.org\/{rel}","templated":true}]}}